{"id":2057,"date":"2026-01-13T13:51:15","date_gmt":"2026-01-13T12:51:15","guid":{"rendered":"http:\/\/takacsarnyekolastechnika.hu\/?page_id=2057"},"modified":"2026-04-02T13:18:48","modified_gmt":"2026-04-02T11:18:48","slug":"impresszum","status":"publish","type":"page","link":"http:\/\/takacsarnyekolastechnika.hu\/de\/impresszum\/","title":{"rendered":"Impressum"},"content":{"rendered":"<div data-elementor-type=\"wp-page\" data-elementor-id=\"2057\" class=\"elementor elementor-2057\">\n\t\t\t\t<div class=\"elementor-element elementor-element-a468b34 e-con-full e-flex e-con e-parent\" data-id=\"a468b34\" data-element_type=\"container\" data-e-type=\"container\" data-settings=\"{&quot;background_background&quot;:&quot;classic&quot;}\">\n\t\t\t\t<div class=\"elementor-element elementor-element-4628ba3 elementor-widget elementor-widget-heading\" data-id=\"4628ba3\" data-element_type=\"widget\" data-e-type=\"widget\" data-widget_type=\"heading.default\">\n\t\t\t\t\t<h2 class=\"elementor-heading-title elementor-size-default\">Impressum<\/h2>\t\t\t\t<\/div>\n\t\t\t\t<div class=\"elementor-element elementor-element-6ce58f9 elementor-widget-mobile__width-initial elementor-widget elementor-widget-text-editor\" data-id=\"6ce58f9\" data-element_type=\"widget\" data-e-type=\"widget\" data-widget_type=\"text-editor.default\">\n\t\t\t\t\t\t\t\t\t<p><strong>Name des Dienstanbieters: <\/strong>J\u00f3zsef Tak\u00e1cs, Einzelunternehmer\u00a0<\/p>\n<p><strong>Vertreter:<\/strong> Kirkovitsn\u00e9 M\u00f3nika Tak\u00e1cs<\/p>\n<p><strong>Hauptsitz \/ B\u00fcroanschrift: <\/strong>H-9400 Sopron, Gy\u0151ri-Stra\u00dfe 6.<\/p>\n<p><strong>Kontaktdaten: <\/strong>0699323-069<\/p>\n<p>Kirkovitsn\u00e9 M\u00f3nika Tak\u00e1cs<br \/>Telefon: +36304964549<br \/>E-Mail: takacsarnyekolastechnika@gmail.com<br \/>Website: www.takacsarnyekolastechnika.hu<\/p>\n<p><strong>Steuernummer: <\/strong>46769853-2-28<\/p>\n<p><strong>Registrierungsnummer:<\/strong> 4751253<\/p>\n<p><strong>Hosting-Anbieter: <\/strong><em><span data-olk-copy-source=\"MessageBody\">VOOV Information Technology Development Ltd.<\/span><\/em><br \/><strong>Website erstellt von:<\/strong> Createlier Web &amp; Brand <a href=\"http:\/\/createlier.hu\/\" target=\"_blank\" rel=\"noopener\">Sch\u00f6pfer<\/a><\/p>\n<p><strong>Copyright<\/strong><\/p>\n<p>Der gesamte Inhalt der Website \u2013 insbesondere die Texte, Bilder, grafischen Elemente, das Layout und das Design \u2013 ist urheberrechtlich gesch\u00fctzt.<br \/>Das Kopieren, Verwenden oder Verbreiten der Inhalte in jeglicher Form ist nur mit vorheriger schriftlicher Genehmigung des Urheberrechtsinhabers gestattet.<\/p>\n<p><strong>Kontaktieren Sie uns<\/strong><\/p>\n<p>Nachrichten, die \u00fcber die Website gesendet werden, werden an Werktagen innerhalb von 24 bis 48 Stunden beantwortet.<br \/>Der Kundenservice ist an Werktagen zu den im Kontaktmen\u00fc angegebenen Zeiten erreichbar.<\/p>\t\t\t\t\t\t\t\t<\/div>\n\t\t\t\t<\/div>\n\t\t\t\t<\/div>","protected":false},"excerpt":{"rendered":"<p>Impresszum A szolg\u00e1ltat\u00f3 neve: Tak\u00e1cs J\u00f3zsef egy\u00e9ni v\u00e1llalkoz\u00f3\u00a0 K\u00e9pvisel\u0151: Kirkovitsn\u00e9 Tak\u00e1cs M\u00f3nika Sz\u00e9khely \/ iroda c\u00edme: H-9400 Sopron, Gy\u0151ri \u00fat 6. El\u00e9rhet\u0151s\u00e9gek: 0699323-069 Kirkovitsn\u00e9 Tak\u00e1cs M\u00f3nikaTelefon:+36304964549E-mail: takacsarnyekolastechnika@gmail.comWeboldal: www.takacsarnyekolastechnika.hu Ad\u00f3sz\u00e1m: 46769853-2-28 Nyilv\u00e1ntart\u00e1si sz\u00e1m: 4751253 T\u00e1rhelyszolg\u00e1ltat\u00f3: VOOV Informatikai Fejleszt\u0151 Kft.Weboldalt k\u00e9sz\u00edtette: Createlier Web &amp; Brand Createlier Szerz\u0151i jog A weboldal teljes tartalma \u2013 k\u00fcl\u00f6n\u00f6sen a sz\u00f6vegek, k\u00e9pek, [&hellip;]<\/p>\n","protected":false},"author":1,"featured_media":0,"parent":0,"menu_order":0,"comment_status":"closed","ping_status":"closed","template":"","meta":{"om_disable_all_campaigns":false,"_monsterinsights_skip_tracking":false,"_monsterinsights_sitenote_active":false,"_monsterinsights_sitenote_note":"","_monsterinsights_sitenote_category":0,"footnotes":""},"class_list":["post-2057","page","type-page","status-publish","hentry"],"aioseo_notices":[],"_links":{"self":[{"href":"http:\/\/takacsarnyekolastechnika.hu\/de\/wp-json\/wp\/v2\/pages\/2057","targetHints":{"allow":["GET"]}}],"collection":[{"href":"http:\/\/takacsarnyekolastechnika.hu\/de\/wp-json\/wp\/v2\/pages"}],"about":[{"href":"http:\/\/takacsarnyekolastechnika.hu\/de\/wp-json\/wp\/v2\/types\/page"}],"author":[{"embeddable":true,"href":"http:\/\/takacsarnyekolastechnika.hu\/de\/wp-json\/wp\/v2\/users\/1"}],"replies":[{"embeddable":true,"href":"http:\/\/takacsarnyekolastechnika.hu\/de\/wp-json\/wp\/v2\/comments?post=2057"}],"version-history":[{"count":28,"href":"http:\/\/takacsarnyekolastechnika.hu\/de\/wp-json\/wp\/v2\/pages\/2057\/revisions"}],"predecessor-version":[{"id":5040,"href":"http:\/\/takacsarnyekolastechnika.hu\/de\/wp-json\/wp\/v2\/pages\/2057\/revisions\/5040"}],"wp:attachment":[{"href":"http:\/\/takacsarnyekolastechnika.hu\/de\/wp-json\/wp\/v2\/media?parent=2057"}],"curies":[{"name":"wp","href":"https:\/\/api.w.org\/{rel}","templated":true}]}}